{"id":1135,"date":"2018-02-19T18:58:51","date_gmt":"2018-02-19T16:58:51","guid":{"rendered":"http:\/\/tmbgy.ro\/?page_id=1135"},"modified":"2018-02-19T18:58:51","modified_gmt":"2018-02-19T16:58:51","slug":"az-uj-imahaz","status":"publish","type":"page","link":"https:\/\/tmbgy.demhub.net\/?page_id=1135","title":{"rendered":"Az \u00faj imah\u00e1z"},"content":{"rendered":"<p>Az \u00faj imah\u00e1zban szeretn\u00e9nk azt, hogy:<\/p>\n<ul>\n<li>t\u00f6bb hely\u00fcnk legyen,<\/li>\n<li>legyen egy kis terem a gyerekes any\u00e1knak, ahol l\u00e1thass\u00e1k, halhass\u00e1k azt ami bent t\u00f6rt\u00e9nik,<\/li>\n<li>legyenek eg\u00e9szs\u00e9ges sz\u00e1raz falak,<\/li>\n<li>legyen j\u00f3 f\u0171t\u00e9si rendszer, \u00e9s m\u00e9g sorolhatn\u00e1nk<\/li>\n<\/ul>\n<p>\u00cdgy szeretn\u00e9nk hogy kin\u00e9zzen:<\/p>\n<p><img loading=\"lazy\" decoding=\"async\" class=\"alignleft size-full wp-image-1132\" src=\"https:\/\/demjencloud.synology.me\/tmbgy\/wp-content\/uploads\/2018\/02\/Ujepulet.jpg\" alt=\"\" width=\"555\" height=\"398\" \/><\/p>\n<p>B\u00edzunk abban, hogy Isten seg\u00edts\u00e9g\u00e9vel mindez megval\u00f3s\u00edthat\u00f3.<\/p>\n","protected":false},"excerpt":{"rendered":"<p>Az \u00faj imah\u00e1zban szeretn\u00e9nk azt, hogy: t\u00f6bb hely\u00fcnk legyen, legyen egy kis terem a gyerekes any\u00e1knak, ahol l\u00e1thass\u00e1k, halhass\u00e1k azt ami bent t\u00f6rt\u00e9nik, legyenek eg\u00e9szs\u00e9ges sz\u00e1raz falak, legyen j\u00f3 f\u0171t\u00e9si rendszer, \u00e9s m\u00e9g sorolhatn\u00e1nk \u00cdgy szeretn\u00e9nk hogy kin\u00e9zzen: B\u00edzunk abban, hogy Isten seg\u00edts\u00e9g\u00e9vel mindez megval\u00f3s\u00edthat\u00f3.<\/p>\n","protected":false},"author":2,"featured_media":0,"parent":0,"menu_order":0,"comment_status":"closed","ping_status":"closed","template":"","meta":{"_kad_post_transparent":"","_kad_post_title":"","_kad_post_layout":"","_kad_post_sidebar_id":"","_kad_post_content_style":"","_kad_post_vertical_padding":"","_kad_post_feature":"","_kad_post_feature_position":"","_kad_post_header":false,"_kad_post_footer":false,"_kad_post_classname":"","footnotes":""},"class_list":["post-1135","page","type-page","status-publish","hentry"],"_links":{"self":[{"href":"https:\/\/tmbgy.demhub.net\/index.php?rest_route=\/wp\/v2\/pages\/1135","targetHints":{"allow":["GET"]}}],"collection":[{"href":"https:\/\/tmbgy.demhub.net\/index.php?rest_route=\/wp\/v2\/pages"}],"about":[{"href":"https:\/\/tmbgy.demhub.net\/index.php?rest_route=\/wp\/v2\/types\/page"}],"author":[{"embeddable":true,"href":"https:\/\/tmbgy.demhub.net\/index.php?rest_route=\/wp\/v2\/users\/2"}],"replies":[{"embeddable":true,"href":"https:\/\/tmbgy.demhub.net\/index.php?rest_route=%2Fwp%2Fv2%2Fcomments&post=1135"}],"version-history":[{"count":0,"href":"https:\/\/tmbgy.demhub.net\/index.php?rest_route=\/wp\/v2\/pages\/1135\/revisions"}],"wp:attachment":[{"href":"https:\/\/tmbgy.demhub.net\/index.php?rest_route=%2Fwp%2Fv2%2Fmedia&parent=1135"}],"curies":[{"name":"wp","href":"https:\/\/api.w.org\/{rel}","templated":true}]}}